{"id":80,"date":"2021-10-29T02:17:30","date_gmt":"2021-10-29T02:17:30","guid":{"rendered":"https:\/\/legal-office.hu\/?page_id=80"},"modified":"2021-11-10T03:22:27","modified_gmt":"2021-11-10T03:22:27","slug":"ugyvedi-tevekenysegeink","status":"publish","type":"page","link":"https:\/\/legal-office.hu\/?page_id=80","title":{"rendered":"\u00dcgyv\u00e9di tev\u00e9kenys\u00e9geink"},"content":{"rendered":"\n<p><\/p>\n\n\n\n<p><\/p>\n\n\n\n<div class=\"wp-block-cover has-background-dim-40 has-background-dim\" style=\"min-height:350px;aspect-ratio:unset;\"><img loading=\"lazy\" decoding=\"async\" width=\"2560\" height=\"1704\" class=\"wp-block-cover__image-background wp-image-21\" alt=\"\" src=\"http:\/\/legal-office.hu\/wp-content\/uploads\/2021\/10\/iroda-7-of-14-scaled.jpg\" style=\"object-position:50% 54%\" data-object-fit=\"cover\" data-object-position=\"50% 54%\" srcset=\"https:\/\/legal-office.hu\/wp-content\/uploads\/2021\/10\/iroda-7-of-14-scaled.jpg 2560w, https:\/\/legal-office.hu\/wp-content\/uploads\/2021\/10\/iroda-7-of-14-300x200.jpg 300w, https:\/\/legal-office.hu\/wp-content\/uploads\/2021\/10\/iroda-7-of-14-1024x681.jpg 1024w, https:\/\/legal-office.hu\/wp-content\/uploads\/2021\/10\/iroda-7-of-14-768x511.jpg 768w, https:\/\/legal-office.hu\/wp-content\/uploads\/2021\/10\/iroda-7-of-14-1536x1022.jpg 1536w, https:\/\/legal-office.hu\/wp-content\/uploads\/2021\/10\/iroda-7-of-14-2048x1363.jpg 2048w\" sizes=\"auto, (max-width: 2560px) 100vw, 2560px\" \/><div class=\"wp-block-cover__inner-container is-layout-flow wp-block-cover-is-layout-flow\">\n<p class=\"has-text-align-center has-large-font-size\">\u00dcgyv\u00e9di tev\u00e9kenys\u00e9geink<\/p>\n<\/div><\/div>\n\n\n\n<p><\/p>\n\n\n\n<h5 class=\"wp-block-heading\"><a href=\"https:\/\/legal-office.hu\/?page_id=229\">Ingatlanokkal kapcsolatos \u00fcgyek \u00e9s ingatlank\u00f6zvet\u00edt\u00e9s<\/a><\/h5>\n\n\n\n<h5 class=\"wp-block-heading\"><a href=\"https:\/\/legal-office.hu\/?page_id=236\">C\u00e9gekkel, m\u00e1s gazd\u00e1lkod\u00f3 \u00e9s civil szervezetekkel kapcsolatos \u00fcgyek<\/a><\/h5>\n\n\n\n<h5 class=\"wp-block-heading\"><a href=\"https:\/\/legal-office.hu\/?page_id=354\">H\u00e1zass\u00e1g felbont\u00e1sa, gyermekelhelyez\u00e9si, valamint \u00e9lett\u00e1rsi \u00e9s h\u00e1zast\u00e1rsi vagyoni \u00fcgyek<\/a><\/h5>\n\n\n\n<h5 class=\"wp-block-heading\"><a href=\"https:\/\/legal-office.hu\/?page_id=414\">K\u00e1rt\u00e9r\u00edt\u00e9si \u00e9s hib\u00e1s teljes\u00edt\u00e9sb\u0151l ered\u0151 ig\u00e9nyek \u00e9rv\u00e9nyes\u00edt\u00e9se ir\u00e1nti \u00fcgyek<\/a><\/h5>\n\n\n\n<h5 class=\"wp-block-heading\"><a href=\"https:\/\/legal-office.hu\/?page_id=424\">Sajt\u00f3helyreigaz\u00edt\u00e1s, szem\u00e9lyhez f\u0171z\u0151d\u0151 jog megs\u00e9rt\u00e9s\u00e9vel kapcsolatos \u00e9s s\u00e9relemd\u00edj ir\u00e1nti \u00fcgyek<\/a><\/h5>\n\n\n\n<h5 class=\"wp-block-heading\"><a href=\"https:\/\/legal-office.hu\/?page_id=380\">Gazdas\u00e1gi b\u00fcntet\u0151jogi \u00fcgyek<\/a><\/h5>\n\n\n\n<h5 class=\"wp-block-heading\"><a href=\"https:\/\/legal-office.hu\/?page_id=390\">\u00d6r\u00f6kl\u00e9si, hagyat\u00e9ki, tart\u00e1si \u00e9s \u00e9letj\u00e1rad\u00e9ki \u00fcgyek<\/a><\/h5>\n\n\n\n<h5 class=\"wp-block-heading\"><a href=\"https:\/\/legal-office.hu\/?page_id=239\">T\u00e1rsash\u00e1zi \u00fcgyek<\/a><\/h5>\n\n\n\n<h5 class=\"wp-block-heading\"><a href=\"https:\/\/legal-office.hu\/?page_id=436\">Zaj\u00e1rtalommal kapcsolatos peres \u00e9s k\u00f6rnyezetv\u00e9delmi \u00fcgyek<\/a><\/h5>\n","protected":false},"excerpt":{"rendered":"<p>Ingatlanokkal kapcsolatos \u00fcgyek \u00e9s ingatlank\u00f6zvet\u00edt\u00e9s C\u00e9gekkel, m\u00e1s gazd\u00e1lkod\u00f3 \u00e9s civil szervezetekkel kapcsolatos \u00fcgyek H\u00e1zass\u00e1g felbont\u00e1sa, gyermekelhelyez\u00e9si, valamint \u00e9lett\u00e1rsi \u00e9s h\u00e1zast\u00e1rsi vagyoni \u00fcgyek K\u00e1rt\u00e9r\u00edt\u00e9si \u00e9s hib\u00e1s teljes\u00edt\u00e9sb\u0151l ered\u0151 ig\u00e9nyek \u00e9rv\u00e9nyes\u00edt\u00e9se ir\u00e1nti \u00fcgyek Sajt\u00f3helyreigaz\u00edt\u00e1s, szem\u00e9lyhez f\u0171z\u0151d\u0151 jog megs\u00e9rt\u00e9s\u00e9vel kapcsolatos \u00e9s s\u00e9relemd\u00edj ir\u00e1nti \u00fcgyek Gazdas\u00e1gi b\u00fcntet\u0151jogi \u00fcgyek \u00d6r\u00f6kl\u00e9si, hagyat\u00e9ki, tart\u00e1si \u00e9s \u00e9letj\u00e1rad\u00e9ki \u00fcgyek T\u00e1rsash\u00e1zi \u00fcgyek Zaj\u00e1rtalommal kapcsolatos peres [&hellip;]<\/p>\n","protected":false},"author":1,"featured_media":0,"parent":6,"menu_order":1,"comment_status":"closed","ping_status":"closed","template":"","meta":{"footnotes":""},"class_list":["post-80","page","type-page","status-publish","hentry"],"_links":{"self":[{"href":"https:\/\/legal-office.hu\/index.php?rest_route=\/wp\/v2\/pages\/80","targetHints":{"allow":["GET"]}}],"collection":[{"href":"https:\/\/legal-office.hu\/index.php?rest_route=\/wp\/v2\/pages"}],"about":[{"href":"https:\/\/legal-office.hu\/index.php?rest_route=\/wp\/v2\/types\/page"}],"author":[{"embeddable":true,"href":"https:\/\/legal-office.hu\/index.php?rest_route=\/wp\/v2\/users\/1"}],"replies":[{"embeddable":true,"href":"https:\/\/legal-office.hu\/index.php?rest_route=%2Fwp%2Fv2%2Fcomments&post=80"}],"version-history":[{"count":52,"href":"https:\/\/legal-office.hu\/index.php?rest_route=\/wp\/v2\/pages\/80\/revisions"}],"predecessor-version":[{"id":560,"href":"https:\/\/legal-office.hu\/index.php?rest_route=\/wp\/v2\/pages\/80\/revisions\/560"}],"up":[{"embeddable":true,"href":"https:\/\/legal-office.hu\/index.php?rest_route=\/wp\/v2\/pages\/6"}],"wp:attachment":[{"href":"https:\/\/legal-office.hu\/index.php?rest_route=%2Fwp%2Fv2%2Fmedia&parent=80"}],"curies":[{"name":"wp","href":"https:\/\/api.w.org\/{rel}","templated":true}]}}