{"id":436,"date":"2021-11-06T15:02:57","date_gmt":"2021-11-06T15:02:57","guid":{"rendered":"https:\/\/legal-office.hu\/?page_id=436"},"modified":"2021-11-08T04:25:05","modified_gmt":"2021-11-08T04:25:05","slug":"zajartalommal-kapcsolatos-kornyezetvedelmi-ugyek","status":"publish","type":"page","link":"https:\/\/legal-office.hu\/?page_id=436","title":{"rendered":"Zaj\u00e1rtalommal kapcsolatos peres \u00e9s k\u00f6rnyezetv\u00e9delmi \u00fcgyek"},"content":{"rendered":"\n<p><\/p>\n\n\n\n<p><\/p>\n\n\n\n<h5 class=\"wp-block-heading\">Zaj\u00e1rtalommal kapcsolatos peres \u00e9s k\u00f6rnyezetv\u00e9delmi \u00fcgyek<\/h5>\n\n\n\n<ul class=\"wp-block-list\"><li>Val\u00f3s zajterhel\u00e9s szak\u00e9rt\u0151i meg\u00e1llap\u00edt\u00e1s\u00e1nak el\u0151k\u00e9sz\u00edt\u00e9se, szakv\u00e9lem\u00e9ny beszerz\u00e9s\u00e9nek lebonyol\u00edt\u00e1sa<\/li><li>K\u00e9pviselet k\u00f6rnyezetv\u00e9delmi hat\u00f3s\u00e1g el\u0151tti elj\u00e1r\u00e1sban<\/li><li>K\u00e9pviselet a k\u00f6rnyezethaszn\u00e1l\u00f3val folytatott t\u00e1rgyal\u00e1sokon<\/li><li>Ha mutatkozik r\u00e1 lehet\u0151s\u00e9g, az egyezs\u00e9gi t\u00e1rgyal\u00e1sok el\u0151k\u00e9sz\u00edt\u00e9se, lebonyol\u00edt\u00e1sa, okirat elk\u00e9sz\u00edt\u00e9se, v\u00e9lem\u00e9nyez\u00e9se<\/li><li>A meg\u00e1llap\u00edtott zajterhel\u00e9s f\u00fcggv\u00e9ny\u00e9ben szomsz\u00e9djog vagy szem\u00e9lyhez f\u0171z\u0151d\u0151 jog s\u00e9relme miatti per keresetlevel\u00e9nek elk\u00e9sz\u00edt\u00e9se, beny\u00fajt\u00e1sa<\/li><li>K\u00e9pviselet zaj\u00e1rtalom miatti perben b\u00edr\u00f3s\u00e1g el\u0151tt<\/li><\/ul>\n","protected":false},"excerpt":{"rendered":"<p>Zaj\u00e1rtalommal kapcsolatos peres \u00e9s k\u00f6rnyezetv\u00e9delmi \u00fcgyek Val\u00f3s zajterhel\u00e9s szak\u00e9rt\u0151i meg\u00e1llap\u00edt\u00e1s\u00e1nak el\u0151k\u00e9sz\u00edt\u00e9se, szakv\u00e9lem\u00e9ny beszerz\u00e9s\u00e9nek lebonyol\u00edt\u00e1sa K\u00e9pviselet k\u00f6rnyezetv\u00e9delmi hat\u00f3s\u00e1g el\u0151tti elj\u00e1r\u00e1sban K\u00e9pviselet a k\u00f6rnyezethaszn\u00e1l\u00f3val folytatott t\u00e1rgyal\u00e1sokon Ha mutatkozik r\u00e1 lehet\u0151s\u00e9g, az egyezs\u00e9gi t\u00e1rgyal\u00e1sok el\u0151k\u00e9sz\u00edt\u00e9se, lebonyol\u00edt\u00e1sa, okirat elk\u00e9sz\u00edt\u00e9se, v\u00e9lem\u00e9nyez\u00e9se A meg\u00e1llap\u00edtott zajterhel\u00e9s f\u00fcggv\u00e9ny\u00e9ben szomsz\u00e9djog vagy szem\u00e9lyhez f\u0171z\u0151d\u0151 jog s\u00e9relme miatti per keresetlevel\u00e9nek elk\u00e9sz\u00edt\u00e9se, beny\u00fajt\u00e1sa K\u00e9pviselet zaj\u00e1rtalom miatti perben [&hellip;]<\/p>\n","protected":false},"author":1,"featured_media":0,"parent":80,"menu_order":1,"comment_status":"closed","ping_status":"closed","template":"","meta":{"footnotes":""},"class_list":["post-436","page","type-page","status-publish","hentry"],"_links":{"self":[{"href":"https:\/\/legal-office.hu\/index.php?rest_route=\/wp\/v2\/pages\/436","targetHints":{"allow":["GET"]}}],"collection":[{"href":"https:\/\/legal-office.hu\/index.php?rest_route=\/wp\/v2\/pages"}],"about":[{"href":"https:\/\/legal-office.hu\/index.php?rest_route=\/wp\/v2\/types\/page"}],"author":[{"embeddable":true,"href":"https:\/\/legal-office.hu\/index.php?rest_route=\/wp\/v2\/users\/1"}],"replies":[{"embeddable":true,"href":"https:\/\/legal-office.hu\/index.php?rest_route=%2Fwp%2Fv2%2Fcomments&post=436"}],"version-history":[{"count":9,"href":"https:\/\/legal-office.hu\/index.php?rest_route=\/wp\/v2\/pages\/436\/revisions"}],"predecessor-version":[{"id":555,"href":"https:\/\/legal-office.hu\/index.php?rest_route=\/wp\/v2\/pages\/436\/revisions\/555"}],"up":[{"embeddable":true,"href":"https:\/\/legal-office.hu\/index.php?rest_route=\/wp\/v2\/pages\/80"}],"wp:attachment":[{"href":"https:\/\/legal-office.hu\/index.php?rest_route=%2Fwp%2Fv2%2Fmedia&parent=436"}],"curies":[{"name":"wp","href":"https:\/\/api.w.org\/{rel}","templated":true}]}}