{"id":424,"date":"2021-11-06T07:33:06","date_gmt":"2021-11-06T07:33:06","guid":{"rendered":"https:\/\/legal-office.hu\/?page_id=424"},"modified":"2021-11-08T04:24:34","modified_gmt":"2021-11-08T04:24:34","slug":"sajtohelyreigazitasi-szemelyhez-fuzodo-jog-megsertesevel-kapcsolatos-es-serelemdij-iranti-ugyek","status":"publish","type":"page","link":"https:\/\/legal-office.hu\/?page_id=424","title":{"rendered":"Sajt\u00f3helyreigaz\u00edt\u00e1s, szem\u00e9lyhez f\u0171z\u0151d\u0151 jog megs\u00e9rt\u00e9s\u00e9vel kapcsolatos \u00e9s s\u00e9relemd\u00edj ir\u00e1nti \u00fcgyek"},"content":{"rendered":"\n<p><\/p>\n\n\n\n<p><\/p>\n\n\n\n<h5 class=\"wp-block-heading\">Sajt\u00f3helyreigaz\u00edt\u00e1s, szem\u00e9lyhez f\u0171z\u0151d\u0151 jog megs\u00e9rt\u00e9s\u00e9vel kapcsolatos \u00e9s s\u00e9relemd\u00edj ir\u00e1nti \u00fcgyek<\/h5>\n\n\n\n<ul class=\"wp-block-list\"><li>Sajt\u00f3helyreigaz\u00edt\u00e1s megind\u00edt\u00e1sa<\/li><li>K\u00e9pviselet sajt\u00f3helyreigaz\u00edt\u00e1sban sajt\u00f3term\u00e9k (m\u00e9dia) \u00e9s b\u00edr\u00f3s\u00e1g el\u0151tt<\/li><li>Ha mutatkozik r\u00e1 lehet\u0151s\u00e9g, az egyezs\u00e9gi t\u00e1rgyal\u00e1sok el\u0151k\u00e9sz\u00edt\u00e9se, lebonyol\u00edt\u00e1sa, okirat elk\u00e9sz\u00edt\u00e9se, v\u00e9lem\u00e9nyez\u00e9se<\/li><li>Perbeli \u00e9s az ellen\u00e9rdek\u0171 f\u00e9l el\u0151tti k\u00e9pviselet szem\u00e9lyhez f\u0171z\u0151d\u0151 jog s\u00e9relme miatti elj\u00e1r\u00e1sban (j\u00f3h\u00edrn\u00e9vhez val\u00f3 jog, eg\u00e9szs\u00e9ghez val\u00f3 jog, eg\u00e9szs\u00e9ges k\u00f6rnyezethez val\u00f3 jog, pihen\u00e9shez val\u00f3 jog, mag\u00e1nlak\u00e1s s\u00e9rthetetlens\u00e9g\u00e9hez val\u00f3 jog, mag\u00e1ntitokhoz val\u00f3 jog, k\u00e9pm\u00e1shoz \u00e9s hangfelv\u00e9telhez val\u00f3 jog, stb.), keresetlev\u00e9l elk\u00e9sz\u00edt\u00e9se, beny\u00fajt\u00e1sa<\/li><li>Perbeli \u00e9s az ellen\u00e9rdek\u0171 f\u00e9l el\u0151tti k\u00e9pviselet szem\u00e9lyhez f\u0171z\u0151d\u0151 jog megs\u00e9rt\u00e9se miatt s\u00e9relemd\u00edj ir\u00e1nti elj\u00e1r\u00e1sban<\/li><\/ul>\n","protected":false},"excerpt":{"rendered":"<p>Sajt\u00f3helyreigaz\u00edt\u00e1s, szem\u00e9lyhez f\u0171z\u0151d\u0151 jog megs\u00e9rt\u00e9s\u00e9vel kapcsolatos \u00e9s s\u00e9relemd\u00edj ir\u00e1nti \u00fcgyek Sajt\u00f3helyreigaz\u00edt\u00e1s megind\u00edt\u00e1sa K\u00e9pviselet sajt\u00f3helyreigaz\u00edt\u00e1sban sajt\u00f3term\u00e9k (m\u00e9dia) \u00e9s b\u00edr\u00f3s\u00e1g el\u0151tt Ha mutatkozik r\u00e1 lehet\u0151s\u00e9g, az egyezs\u00e9gi t\u00e1rgyal\u00e1sok el\u0151k\u00e9sz\u00edt\u00e9se, lebonyol\u00edt\u00e1sa, okirat elk\u00e9sz\u00edt\u00e9se, v\u00e9lem\u00e9nyez\u00e9se Perbeli \u00e9s az ellen\u00e9rdek\u0171 f\u00e9l el\u0151tti k\u00e9pviselet szem\u00e9lyhez f\u0171z\u0151d\u0151 jog s\u00e9relme miatti elj\u00e1r\u00e1sban (j\u00f3h\u00edrn\u00e9vhez val\u00f3 jog, eg\u00e9szs\u00e9ghez val\u00f3 jog, eg\u00e9szs\u00e9ges k\u00f6rnyezethez val\u00f3 jog, pihen\u00e9shez [&hellip;]<\/p>\n","protected":false},"author":1,"featured_media":0,"parent":80,"menu_order":1,"comment_status":"closed","ping_status":"closed","template":"","meta":{"footnotes":""},"class_list":["post-424","page","type-page","status-publish","hentry"],"_links":{"self":[{"href":"https:\/\/legal-office.hu\/index.php?rest_route=\/wp\/v2\/pages\/424","targetHints":{"allow":["GET"]}}],"collection":[{"href":"https:\/\/legal-office.hu\/index.php?rest_route=\/wp\/v2\/pages"}],"about":[{"href":"https:\/\/legal-office.hu\/index.php?rest_route=\/wp\/v2\/types\/page"}],"author":[{"embeddable":true,"href":"https:\/\/legal-office.hu\/index.php?rest_route=\/wp\/v2\/users\/1"}],"replies":[{"embeddable":true,"href":"https:\/\/legal-office.hu\/index.php?rest_route=%2Fwp%2Fv2%2Fcomments&post=424"}],"version-history":[{"count":9,"href":"https:\/\/legal-office.hu\/index.php?rest_route=\/wp\/v2\/pages\/424\/revisions"}],"predecessor-version":[{"id":554,"href":"https:\/\/legal-office.hu\/index.php?rest_route=\/wp\/v2\/pages\/424\/revisions\/554"}],"up":[{"embeddable":true,"href":"https:\/\/legal-office.hu\/index.php?rest_route=\/wp\/v2\/pages\/80"}],"wp:attachment":[{"href":"https:\/\/legal-office.hu\/index.php?rest_route=%2Fwp%2Fv2%2Fmedia&parent=424"}],"curies":[{"name":"wp","href":"https:\/\/api.w.org\/{rel}","templated":true}]}}