{"id":414,"date":"2021-11-06T06:53:32","date_gmt":"2021-11-06T06:53:32","guid":{"rendered":"https:\/\/legal-office.hu\/?page_id=414"},"modified":"2021-11-08T04:23:43","modified_gmt":"2021-11-08T04:23:43","slug":"karteritesi-ugyek","status":"publish","type":"page","link":"https:\/\/legal-office.hu\/?page_id=414","title":{"rendered":"K\u00e1rt\u00e9r\u00edt\u00e9si \u00e9s hib\u00e1s teljes\u00edt\u00e9sb\u0151l ered\u0151 ig\u00e9nyek \u00e9rv\u00e9nyes\u00edt\u00e9se ir\u00e1nti \u00fcgyek"},"content":{"rendered":"\n<p><\/p>\n\n\n\n<p><\/p>\n\n\n\n<h5 class=\"wp-block-heading\">K\u00e1rt\u00e9r\u00edt\u00e9si \u00e9s hib\u00e1s teljes\u00edt\u00e9sb\u0151l ered\u0151 ig\u00e9nyek \u00e9rv\u00e9nyes\u00edt\u00e9se ir\u00e1nti \u00fcgyek<\/h5>\n\n\n\n<ul class=\"wp-block-list\"><li>K\u00e9pviselet szerz\u0151d\u00e9ssel okozott k\u00e1rok \u00e9rv\u00e9nyes\u00edt\u00e9se ir\u00e1nti \u00fcgyekben (amikor a k\u00e1r az egym\u00e1ssal szerz\u0151d\u00e9sben \u00e1ll\u00f3 felek k\u00f6z\u00f6tt a szerz\u0151d\u00e9s\u00fckkel \u00f6sszef\u00fcgg\u00e9sben k\u00f6vetkezik be, p\u00e9ld\u00e1ul megb\u00edz\u00e1si, v\u00e1llalkoz\u00e1si, \u00e9p\u00edt\u00e9si, tervez\u00e9si, sz\u00e1ll\u00edt\u00e1si, sz\u00e1ll\u00edtm\u00e1nyoz\u00e1si, fuvaroz\u00e1si, stb. szerz\u0151d\u00e9sek)<\/li><li>K\u00e9pviselet szerz\u0151d\u00e9sen k\u00edv\u00fcl okozott k\u00e1rok \u00e9rv\u00e9nyes\u00edt\u00e9se ir\u00e1nti \u00fcgyekben (amikor a k\u00e1r nem szerz\u0151d\u00e9ses jogviszonnyal \u00f6sszef\u00fcgg\u00e9sben k\u00f6vetkezik be, p\u00e9ld\u00e1ul szomsz\u00e9djogi szab\u00e1lyok megs\u00e9rt\u00e9se, k\u00f6rnyezetv\u00e9delmi szab\u00e1lyok megs\u00e9rt\u00e9se, k\u00f6rnyezetszennyez\u00e9s, jogellenes k\u00f6rnyezethaszn\u00e1lat, vesz\u00e9lyes \u00fczem jogszer\u0171tlen m\u0171k\u00f6d\u00e9se, stb.)<\/li><li>K\u00e9pviselet szerz\u0151d\u00e9s hib\u00e1s teljes\u00edt\u00e9s\u00e9b\u0151l ered\u0151 ig\u00e9nyek \u00e9rv\u00e9nyes\u00edt\u00e9se ir\u00e1nti \u00fcgyekben<\/li><li>Ha mutatkozik r\u00e1 lehet\u0151s\u00e9g, az egyezs\u00e9gi t\u00e1rgyal\u00e1sok el\u0151k\u00e9sz\u00edt\u00e9se, lebonyol\u00edt\u00e1sa, okirat elk\u00e9sz\u00edt\u00e9se, v\u00e9lem\u00e9nyez\u00e9se<\/li><li>Keresetlev\u00e9l elk\u00e9sz\u00edt\u00e9se \u00e9s beny\u00fajt\u00e1sa<\/li><li>K\u00e9pviselet perben \u00e9s peren k\u00edv\u00fcli egyezs\u00e9g l\u00e9trehoz\u00e1sa sor\u00e1n<\/li><\/ul>\n","protected":false},"excerpt":{"rendered":"<p>K\u00e1rt\u00e9r\u00edt\u00e9si \u00e9s hib\u00e1s teljes\u00edt\u00e9sb\u0151l ered\u0151 ig\u00e9nyek \u00e9rv\u00e9nyes\u00edt\u00e9se ir\u00e1nti \u00fcgyek K\u00e9pviselet szerz\u0151d\u00e9ssel okozott k\u00e1rok \u00e9rv\u00e9nyes\u00edt\u00e9se ir\u00e1nti \u00fcgyekben (amikor a k\u00e1r az egym\u00e1ssal szerz\u0151d\u00e9sben \u00e1ll\u00f3 felek k\u00f6z\u00f6tt a szerz\u0151d\u00e9s\u00fckkel \u00f6sszef\u00fcgg\u00e9sben k\u00f6vetkezik be, p\u00e9ld\u00e1ul megb\u00edz\u00e1si, v\u00e1llalkoz\u00e1si, \u00e9p\u00edt\u00e9si, tervez\u00e9si, sz\u00e1ll\u00edt\u00e1si, sz\u00e1ll\u00edtm\u00e1nyoz\u00e1si, fuvaroz\u00e1si, stb. szerz\u0151d\u00e9sek) K\u00e9pviselet szerz\u0151d\u00e9sen k\u00edv\u00fcl okozott k\u00e1rok \u00e9rv\u00e9nyes\u00edt\u00e9se ir\u00e1nti \u00fcgyekben (amikor a k\u00e1r nem szerz\u0151d\u00e9ses jogviszonnyal \u00f6sszef\u00fcgg\u00e9sben [&hellip;]<\/p>\n","protected":false},"author":1,"featured_media":0,"parent":80,"menu_order":0,"comment_status":"closed","ping_status":"closed","template":"","meta":{"footnotes":""},"class_list":["post-414","page","type-page","status-publish","hentry"],"_links":{"self":[{"href":"https:\/\/legal-office.hu\/index.php?rest_route=\/wp\/v2\/pages\/414","targetHints":{"allow":["GET"]}}],"collection":[{"href":"https:\/\/legal-office.hu\/index.php?rest_route=\/wp\/v2\/pages"}],"about":[{"href":"https:\/\/legal-office.hu\/index.php?rest_route=\/wp\/v2\/types\/page"}],"author":[{"embeddable":true,"href":"https:\/\/legal-office.hu\/index.php?rest_route=\/wp\/v2\/users\/1"}],"replies":[{"embeddable":true,"href":"https:\/\/legal-office.hu\/index.php?rest_route=%2Fwp%2Fv2%2Fcomments&post=414"}],"version-history":[{"count":7,"href":"https:\/\/legal-office.hu\/index.php?rest_route=\/wp\/v2\/pages\/414\/revisions"}],"predecessor-version":[{"id":553,"href":"https:\/\/legal-office.hu\/index.php?rest_route=\/wp\/v2\/pages\/414\/revisions\/553"}],"up":[{"embeddable":true,"href":"https:\/\/legal-office.hu\/index.php?rest_route=\/wp\/v2\/pages\/80"}],"wp:attachment":[{"href":"https:\/\/legal-office.hu\/index.php?rest_route=%2Fwp%2Fv2%2Fmedia&parent=414"}],"curies":[{"name":"wp","href":"https:\/\/api.w.org\/{rel}","templated":true}]}}