{"id":390,"date":"2021-11-06T03:48:00","date_gmt":"2021-11-06T03:48:00","guid":{"rendered":"https:\/\/legal-office.hu\/?page_id=390"},"modified":"2021-11-06T18:20:56","modified_gmt":"2021-11-06T18:20:56","slug":"oroklesi-es-hagyateki-ugyek","status":"publish","type":"page","link":"https:\/\/legal-office.hu\/?page_id=390","title":{"rendered":"\u00d6r\u00f6kl\u00e9si, hagyat\u00e9ki, tart\u00e1si \u00e9s \u00e9letj\u00e1rad\u00e9ki \u00fcgyek"},"content":{"rendered":"\n<p><\/p>\n\n\n\n<p><\/p>\n\n\n\n<h5 class=\"wp-block-heading\">\u00d6r\u00f6kl\u00e9si, hagyat\u00e9ki, tart\u00e1si \u00e9s \u00e9letj\u00e1rad\u00e9ki \u00fcgyek<\/h5>\n\n\n\n<ul class=\"wp-block-list\"><li>V\u00e9grendelet<\/li><li>Hal\u00e1l eset\u00e9re sz\u00f3l\u00f3 aj\u00e1nd\u00e9koz\u00e1s<\/li><li>Tart\u00e1si \u00e9s \u00e9letj\u00e1rad\u00e9ki szerz\u0151d\u00e9s<\/li><li>Hagyat\u00e9ki hitelez\u0151i ig\u00e9ny \u00e9rv\u00e9nyes\u00edt\u00e9se<\/li><li>Okirat k\u00e9sz\u00edt\u00e9se \u00e9s v\u00e9lem\u00e9nyez\u00e9se a fenti \u00fcgyekben<\/li><li>Elj\u00e1r\u00e1s k\u00f6zjegyz\u0151 el\u0151tt \u00e9s ingatlan-nyilv\u00e1ntart\u00e1sban<\/li><li>K\u00e9pviselet hagyat\u00e9ki \u00e9s peres elj\u00e1r\u00e1sban<\/li><\/ul>\n","protected":false},"excerpt":{"rendered":"<p>\u00d6r\u00f6kl\u00e9si, hagyat\u00e9ki, tart\u00e1si \u00e9s \u00e9letj\u00e1rad\u00e9ki \u00fcgyek V\u00e9grendelet Hal\u00e1l eset\u00e9re sz\u00f3l\u00f3 aj\u00e1nd\u00e9koz\u00e1s Tart\u00e1si \u00e9s \u00e9letj\u00e1rad\u00e9ki szerz\u0151d\u00e9s Hagyat\u00e9ki hitelez\u0151i ig\u00e9ny \u00e9rv\u00e9nyes\u00edt\u00e9se Okirat k\u00e9sz\u00edt\u00e9se \u00e9s v\u00e9lem\u00e9nyez\u00e9se a fenti \u00fcgyekben Elj\u00e1r\u00e1s k\u00f6zjegyz\u0151 el\u0151tt \u00e9s ingatlan-nyilv\u00e1ntart\u00e1sban K\u00e9pviselet hagyat\u00e9ki \u00e9s peres elj\u00e1r\u00e1sban<\/p>\n","protected":false},"author":1,"featured_media":0,"parent":80,"menu_order":0,"comment_status":"closed","ping_status":"closed","template":"","meta":{"footnotes":""},"class_list":["post-390","page","type-page","status-publish","hentry"],"_links":{"self":[{"href":"https:\/\/legal-office.hu\/index.php?rest_route=\/wp\/v2\/pages\/390","targetHints":{"allow":["GET"]}}],"collection":[{"href":"https:\/\/legal-office.hu\/index.php?rest_route=\/wp\/v2\/pages"}],"about":[{"href":"https:\/\/legal-office.hu\/index.php?rest_route=\/wp\/v2\/types\/page"}],"author":[{"embeddable":true,"href":"https:\/\/legal-office.hu\/index.php?rest_route=\/wp\/v2\/users\/1"}],"replies":[{"embeddable":true,"href":"https:\/\/legal-office.hu\/index.php?rest_route=%2Fwp%2Fv2%2Fcomments&post=390"}],"version-history":[{"count":5,"href":"https:\/\/legal-office.hu\/index.php?rest_route=\/wp\/v2\/pages\/390\/revisions"}],"predecessor-version":[{"id":500,"href":"https:\/\/legal-office.hu\/index.php?rest_route=\/wp\/v2\/pages\/390\/revisions\/500"}],"up":[{"embeddable":true,"href":"https:\/\/legal-office.hu\/index.php?rest_route=\/wp\/v2\/pages\/80"}],"wp:attachment":[{"href":"https:\/\/legal-office.hu\/index.php?rest_route=%2Fwp%2Fv2%2Fmedia&parent=390"}],"curies":[{"name":"wp","href":"https:\/\/api.w.org\/{rel}","templated":true}]}}