{"id":321,"date":"2021-11-03T15:40:49","date_gmt":"2021-11-03T15:40:49","guid":{"rendered":"https:\/\/legal-office.hu\/?page_id=321"},"modified":"2021-11-05T16:08:44","modified_gmt":"2021-11-05T16:08:44","slug":"hasznos-linkek","status":"publish","type":"page","link":"https:\/\/legal-office.hu\/?page_id=321","title":{"rendered":"Hasznos linkek"},"content":{"rendered":"\n<p><\/p>\n\n\n\n<p><\/p>\n\n\n\n<h5 class=\"wp-block-heading\"><a href=\"https:\/\/apps.apple.com\/us\/app\/genius-scan-pdf-scanner\/id377672876#?platform=iphone\" data-type=\"URL\" data-id=\"https:\/\/apps.apple.com\/us\/app\/genius-scan-pdf-scanner\/id377672876#?platform=iphone\">Okiratok szkennel\u00e9se telefonnal (Apple App Store)<\/a><\/h5>\n\n\n\n<h5 class=\"wp-block-heading\"><a href=\"https:\/\/play.google.com\/store\/apps\/details?id=com.thegrizzlylabs.geniusscan.free&amp;hl=hu&amp;gl=US\">Okiratok szkennel\u00e9se telefonnal (Android Google Play)<\/a><\/h5>\n\n\n\n<p><\/p>\n\n\n\n<p><\/p>\n\n\n\n<h5 class=\"wp-block-heading\"><a href=\"https:\/\/nav.gov.hu\/nav\/adatbazisok\">Ad\u00f3alanyok lek\u00e9rdez\u00e9se, ellen\u0151rz\u00e9se<\/a><\/h5>\n\n\n\n<h5 class=\"wp-block-heading\"><a href=\"https:\/\/arveres.mbvk.hu\/arverezok\/\">\u00c1rver\u00e9sek b\u00edr\u00f3s\u00e1gi v\u00e9grehajt\u00e1sban<\/a><\/h5>\n\n\n\n<h5 class=\"wp-block-heading\"><a href=\"https:\/\/birosag.hu\/\">B\u00edr\u00f3s\u00e1gok<\/a><\/h5>\n\n\n\n<h5 class=\"wp-block-heading\"><a href=\"https:\/\/birosag.hu\/eljarasok-nyomtatvanyai\">B\u00edr\u00f3s\u00e1gi nyomtatv\u00e1nyok<\/a><\/h5>\n\n\n\n<h5 class=\"wp-block-heading\"><a href=\"https:\/\/www.e-cegjegyzek.hu\/\">C\u00e9gjegyz\u00e9k<\/a><\/h5>\n\n\n\n<h5 class=\"wp-block-heading\"><a href=\"https:\/\/birosag.hu\/civil-szervezetek-nevjegyzeke\">Civil szervezetek nyilv\u00e1ntart\u00e1sa<\/a><\/h5>\n\n\n\n<h5 class=\"wp-block-heading\"><a href=\"https:\/\/www.nyilvantarto.hu\/evny-lekerdezo\/\">Egy\u00e9ni v\u00e1llalkoz\u00f3k nyilv\u00e1ntart\u00e1sa<\/a><\/h5>\n\n\n\n<h5 class=\"wp-block-heading\"><a href=\"https:\/\/www.foldhivatal.hu\/\">F\u00f6ldhivatal<\/a><\/h5>\n\n\n\n<h5 class=\"wp-block-heading\"><a href=\"https:\/\/www.kamatkalkulator.hu\/kesedelmi-adatbevitel\">K\u00e9sedelmi kamat kalkul\u00e1tor<\/a><\/h5>\n\n\n\n<h5 class=\"wp-block-heading\"><a href=\"https:\/\/nav.gov.hu\/nav\/szolgaltatasok\/kalkulatorok\/kesedelmi_kamat_szamitasa\">K\u00e9sedelmi kamat kalkul\u00e1tor NAV<\/a><\/h5>\n\n\n\n<h5 class=\"wp-block-heading\"><a href=\"https:\/\/idopontfoglalo.kh.gov.hu\/bejelentkezes\">Korm\u00e1nyablak id\u0151pontfoglal\u00e1s<\/a><\/h5>\n\n\n\n<h5 class=\"wp-block-heading\"><a href=\"https:\/\/www.mnb.hu\/Jegybanki_alapkamat_alakulasa\">MNB (jegybanki) alapkamat<\/a><\/h5>\n\n\n\n<h5 class=\"wp-block-heading\"><a href=\"https:\/\/www.mnb.hu\/arfolyam-lekerdezes\">MNB (jegybanki) deviza \u00e1rfolyamok<\/a><\/h5>\n\n\n\n<p><\/p>\n","protected":false},"excerpt":{"rendered":"<p>Okiratok szkennel\u00e9se telefonnal (Apple App Store) Okiratok szkennel\u00e9se telefonnal (Android Google Play) Ad\u00f3alanyok lek\u00e9rdez\u00e9se, ellen\u0151rz\u00e9se \u00c1rver\u00e9sek b\u00edr\u00f3s\u00e1gi v\u00e9grehajt\u00e1sban B\u00edr\u00f3s\u00e1gok B\u00edr\u00f3s\u00e1gi nyomtatv\u00e1nyok C\u00e9gjegyz\u00e9k Civil szervezetek nyilv\u00e1ntart\u00e1sa Egy\u00e9ni v\u00e1llalkoz\u00f3k nyilv\u00e1ntart\u00e1sa F\u00f6ldhivatal K\u00e9sedelmi kamat kalkul\u00e1tor K\u00e9sedelmi kamat kalkul\u00e1tor NAV Korm\u00e1nyablak id\u0151pontfoglal\u00e1s MNB (jegybanki) alapkamat MNB (jegybanki) deviza \u00e1rfolyamok<\/p>\n","protected":false},"author":1,"featured_media":0,"parent":0,"menu_order":0,"comment_status":"closed","ping_status":"closed","template":"","meta":{"footnotes":""},"class_list":["post-321","page","type-page","status-publish","hentry"],"_links":{"self":[{"href":"https:\/\/legal-office.hu\/index.php?rest_route=\/wp\/v2\/pages\/321","targetHints":{"allow":["GET"]}}],"collection":[{"href":"https:\/\/legal-office.hu\/index.php?rest_route=\/wp\/v2\/pages"}],"about":[{"href":"https:\/\/legal-office.hu\/index.php?rest_route=\/wp\/v2\/types\/page"}],"author":[{"embeddable":true,"href":"https:\/\/legal-office.hu\/index.php?rest_route=\/wp\/v2\/users\/1"}],"replies":[{"embeddable":true,"href":"https:\/\/legal-office.hu\/index.php?rest_route=%2Fwp%2Fv2%2Fcomments&post=321"}],"version-history":[{"count":15,"href":"https:\/\/legal-office.hu\/index.php?rest_route=\/wp\/v2\/pages\/321\/revisions"}],"predecessor-version":[{"id":365,"href":"https:\/\/legal-office.hu\/index.php?rest_route=\/wp\/v2\/pages\/321\/revisions\/365"}],"wp:attachment":[{"href":"https:\/\/legal-office.hu\/index.php?rest_route=%2Fwp%2Fv2%2Fmedia&parent=321"}],"curies":[{"name":"wp","href":"https:\/\/api.w.org\/{rel}","templated":true}]}}