{"id":239,"date":"2021-11-03T12:58:28","date_gmt":"2021-11-03T12:58:28","guid":{"rendered":"https:\/\/legal-office.hu\/?page_id=239"},"modified":"2021-11-06T18:21:12","modified_gmt":"2021-11-06T18:21:12","slug":"239-2","status":"publish","type":"page","link":"https:\/\/legal-office.hu\/?page_id=239","title":{"rendered":"T\u00e1rsash\u00e1zi \u00fcgyek"},"content":{"rendered":"\n<p><\/p>\n\n\n\n<p><\/p>\n\n\n\n<h5 class=\"wp-block-heading\">T\u00e1rsash\u00e1zi \u00fcgyek<\/h5>\n\n\n\n<ul class=\"wp-block-list\"><li>T\u00e1rsash\u00e1z alap\u00edt\u00e1sa<\/li><li>K\u00f6zgy\u0171l\u00e9s lebonyol\u00edt\u00e1sa, jegyz\u0151k\u00f6nyvez\u00e9se<\/li><li>Tulajdonos, k\u00f6z\u00f6s k\u00e9pvisel\u0151 k\u00e9pviselete k\u00f6zgy\u0171l\u00e9sen<\/li><li>Elj\u00e1r\u00e1s tulajdonos tulajdoni h\u00e1nyad\u00e1nak megterhel\u00e9se \u00fcgy\u00e9ben<\/li><li>Okiratok (alap\u00edt\u00f3 okirat, SZMSZ, h\u00e1zirend) szerkeszt\u00e9se, v\u00e9lem\u00e9nyez\u00e9se a fenti \u00fcgyekben<\/li><li>Perbeli k\u00e9pviselet k\u00f6z\u00f6s k\u00e9pvisel\u0151 (tiszts\u00e9gvisel\u0151) elleni perben<\/li><li>Perbeli k\u00e9pviselet k\u00f6zgy\u0171l\u00e9si hat\u00e1rozat megt\u00e1mad\u00e1sa ir\u00e1nti perben<\/li><\/ul>\n\n\n\n<p><\/p>\n","protected":false},"excerpt":{"rendered":"<p>T\u00e1rsash\u00e1zi \u00fcgyek T\u00e1rsash\u00e1z alap\u00edt\u00e1sa K\u00f6zgy\u0171l\u00e9s lebonyol\u00edt\u00e1sa, jegyz\u0151k\u00f6nyvez\u00e9se Tulajdonos, k\u00f6z\u00f6s k\u00e9pvisel\u0151 k\u00e9pviselete k\u00f6zgy\u0171l\u00e9sen Elj\u00e1r\u00e1s tulajdonos tulajdoni h\u00e1nyad\u00e1nak megterhel\u00e9se \u00fcgy\u00e9ben Okiratok (alap\u00edt\u00f3 okirat, SZMSZ, h\u00e1zirend) szerkeszt\u00e9se, v\u00e9lem\u00e9nyez\u00e9se a fenti \u00fcgyekben Perbeli k\u00e9pviselet k\u00f6z\u00f6s k\u00e9pvisel\u0151 (tiszts\u00e9gvisel\u0151) elleni perben Perbeli k\u00e9pviselet k\u00f6zgy\u0171l\u00e9si hat\u00e1rozat megt\u00e1mad\u00e1sa ir\u00e1nti perben<\/p>\n","protected":false},"author":1,"featured_media":0,"parent":80,"menu_order":0,"comment_status":"closed","ping_status":"closed","template":"","meta":{"footnotes":""},"class_list":["post-239","page","type-page","status-publish","hentry"],"_links":{"self":[{"href":"https:\/\/legal-office.hu\/index.php?rest_route=\/wp\/v2\/pages\/239","targetHints":{"allow":["GET"]}}],"collection":[{"href":"https:\/\/legal-office.hu\/index.php?rest_route=\/wp\/v2\/pages"}],"about":[{"href":"https:\/\/legal-office.hu\/index.php?rest_route=\/wp\/v2\/types\/page"}],"author":[{"embeddable":true,"href":"https:\/\/legal-office.hu\/index.php?rest_route=\/wp\/v2\/users\/1"}],"replies":[{"embeddable":true,"href":"https:\/\/legal-office.hu\/index.php?rest_route=%2Fwp%2Fv2%2Fcomments&post=239"}],"version-history":[{"count":6,"href":"https:\/\/legal-office.hu\/index.php?rest_route=\/wp\/v2\/pages\/239\/revisions"}],"predecessor-version":[{"id":501,"href":"https:\/\/legal-office.hu\/index.php?rest_route=\/wp\/v2\/pages\/239\/revisions\/501"}],"up":[{"embeddable":true,"href":"https:\/\/legal-office.hu\/index.php?rest_route=\/wp\/v2\/pages\/80"}],"wp:attachment":[{"href":"https:\/\/legal-office.hu\/index.php?rest_route=%2Fwp%2Fv2%2Fmedia&parent=239"}],"curies":[{"name":"wp","href":"https:\/\/api.w.org\/{rel}","templated":true}]}}