{"id":236,"date":"2021-11-03T12:53:23","date_gmt":"2021-11-03T12:53:23","guid":{"rendered":"https:\/\/legal-office.hu\/?page_id=236"},"modified":"2021-11-06T18:22:05","modified_gmt":"2021-11-06T18:22:05","slug":"236-2","status":"publish","type":"page","link":"https:\/\/legal-office.hu\/?page_id=236","title":{"rendered":"C\u00e9gekkel, m\u00e1s gazd\u00e1lkod\u00f3 \u00e9s civil szervezetekkel kapcsolatos \u00fcgyek"},"content":{"rendered":"\n<p><\/p>\n\n\n\n<p><\/p>\n\n\n\n<h5 class=\"wp-block-heading\">C\u00e9gekkel, m\u00e1s gazd\u00e1lkod\u00f3 \u00e9s civil szervezetekkel kapcsolatos \u00fcgyek <\/h5>\n\n\n\n<ul class=\"wp-block-list\"><li>Gazdas\u00e1gi t\u00e1rsas\u00e1gok \u00e9s civil szervezetek alap\u00edt\u00e1sa, v\u00e1ltoz\u00e1sok bejegyz\u00e9se<\/li><li>Taggy\u0171l\u00e9s, k\u00f6zgy\u0171l\u00e9s lebonyol\u00edt\u00e1sa, jegyz\u0151k\u00f6nyvez\u00e9se, elj\u00e1r\u00e1s lefolytat\u00e1sa<\/li><li>\u00dcgyvezet\u0151 (vezet\u0151 tiszts\u00e9gvisel\u0151), tag k\u00e9pviselete taggy\u0171l\u00e9sen, k\u00f6zgy\u0171l\u00e9sen<\/li><li>Cs\u0151delj\u00e1r\u00e1s, felsz\u00e1mol\u00e1si elj\u00e1r\u00e1s \u00e9s v\u00e9gelsz\u00e1mol\u00e1s megind\u00edt\u00e1sa<\/li><li>K\u00e9pviselet cs\u0151delj\u00e1r\u00e1sban, felsz\u00e1mol\u00e1si elj\u00e1r\u00e1sban \u00e9s v\u00e9gelsz\u00e1mol\u00e1sban<\/li><li>K\u00e9pviselet k\u00e9nyszert\u00f6rl\u00e9si elj\u00e1r\u00e1sban<\/li><li>Okiratok szerkeszt\u00e9se, v\u00e9lem\u00e9nyez\u00e9se a fenti \u00fcgyekben<\/li><li>Perbeli k\u00e9pviselet \u00fcgyvezet\u0151 (vezet\u0151 tiszts\u00e9gvisel\u0151) vagy tag elleni perben (k\u00e1rt\u00e9r\u00edt\u00e9s, kiz\u00e1r\u00e1s, stb.)<\/li><li>Perbeli k\u00e9pviselet taggy\u0171l\u00e9si, k\u00f6zgy\u0171l\u00e9si hat\u00e1rozat megt\u00e1mad\u00e1sa ir\u00e1nti perben<\/li><\/ul>\n\n\n\n<p><\/p>\n","protected":false},"excerpt":{"rendered":"<p>C\u00e9gekkel, m\u00e1s gazd\u00e1lkod\u00f3 \u00e9s civil szervezetekkel kapcsolatos \u00fcgyek Gazdas\u00e1gi t\u00e1rsas\u00e1gok \u00e9s civil szervezetek alap\u00edt\u00e1sa, v\u00e1ltoz\u00e1sok bejegyz\u00e9se Taggy\u0171l\u00e9s, k\u00f6zgy\u0171l\u00e9s lebonyol\u00edt\u00e1sa, jegyz\u0151k\u00f6nyvez\u00e9se, elj\u00e1r\u00e1s lefolytat\u00e1sa \u00dcgyvezet\u0151 (vezet\u0151 tiszts\u00e9gvisel\u0151), tag k\u00e9pviselete taggy\u0171l\u00e9sen, k\u00f6zgy\u0171l\u00e9sen Cs\u0151delj\u00e1r\u00e1s, felsz\u00e1mol\u00e1si elj\u00e1r\u00e1s \u00e9s v\u00e9gelsz\u00e1mol\u00e1s megind\u00edt\u00e1sa K\u00e9pviselet cs\u0151delj\u00e1r\u00e1sban, felsz\u00e1mol\u00e1si elj\u00e1r\u00e1sban \u00e9s v\u00e9gelsz\u00e1mol\u00e1sban K\u00e9pviselet k\u00e9nyszert\u00f6rl\u00e9si elj\u00e1r\u00e1sban Okiratok szerkeszt\u00e9se, v\u00e9lem\u00e9nyez\u00e9se a fenti \u00fcgyekben Perbeli k\u00e9pviselet \u00fcgyvezet\u0151 (vezet\u0151 tiszts\u00e9gvisel\u0151) [&hellip;]<\/p>\n","protected":false},"author":1,"featured_media":0,"parent":80,"menu_order":2,"comment_status":"closed","ping_status":"closed","template":"","meta":{"footnotes":""},"class_list":["post-236","page","type-page","status-publish","hentry"],"_links":{"self":[{"href":"https:\/\/legal-office.hu\/index.php?rest_route=\/wp\/v2\/pages\/236","targetHints":{"allow":["GET"]}}],"collection":[{"href":"https:\/\/legal-office.hu\/index.php?rest_route=\/wp\/v2\/pages"}],"about":[{"href":"https:\/\/legal-office.hu\/index.php?rest_route=\/wp\/v2\/types\/page"}],"author":[{"embeddable":true,"href":"https:\/\/legal-office.hu\/index.php?rest_route=\/wp\/v2\/users\/1"}],"replies":[{"embeddable":true,"href":"https:\/\/legal-office.hu\/index.php?rest_route=%2Fwp%2Fv2%2Fcomments&post=236"}],"version-history":[{"count":8,"href":"https:\/\/legal-office.hu\/index.php?rest_route=\/wp\/v2\/pages\/236\/revisions"}],"predecessor-version":[{"id":505,"href":"https:\/\/legal-office.hu\/index.php?rest_route=\/wp\/v2\/pages\/236\/revisions\/505"}],"up":[{"embeddable":true,"href":"https:\/\/legal-office.hu\/index.php?rest_route=\/wp\/v2\/pages\/80"}],"wp:attachment":[{"href":"https:\/\/legal-office.hu\/index.php?rest_route=%2Fwp%2Fv2%2Fmedia&parent=236"}],"curies":[{"name":"wp","href":"https:\/\/api.w.org\/{rel}","templated":true}]}}