{"id":215,"date":"2021-11-03T12:22:04","date_gmt":"2021-11-03T12:22:04","guid":{"rendered":"https:\/\/legal-office.hu\/?page_id=215"},"modified":"2021-11-20T12:38:15","modified_gmt":"2021-11-20T12:38:15","slug":"215-2","status":"publish","type":"page","link":"https:\/\/legal-office.hu\/?page_id=215","title":{"rendered":"dr. Sz\u0151ke Mih\u00e1ly LL.M. \u00fcgyv\u00e9d"},"content":{"rendered":"\n<p><\/p>\n\n\n\n<p><\/p>\n\n\n\n<figure class=\"wp-block-image size-medium is-style-default\"><img loading=\"lazy\" decoding=\"async\" width=\"300\" height=\"216\" src=\"https:\/\/legal-office.hu\/wp-content\/uploads\/2021\/10\/portre-10-of-15-300x216.jpg\" alt=\"\" class=\"wp-image-43\" srcset=\"https:\/\/legal-office.hu\/wp-content\/uploads\/2021\/10\/portre-10-of-15-300x216.jpg 300w, https:\/\/legal-office.hu\/wp-content\/uploads\/2021\/10\/portre-10-of-15-1024x739.jpg 1024w, https:\/\/legal-office.hu\/wp-content\/uploads\/2021\/10\/portre-10-of-15-768x554.jpg 768w, https:\/\/legal-office.hu\/wp-content\/uploads\/2021\/10\/portre-10-of-15-1536x1108.jpg 1536w, https:\/\/legal-office.hu\/wp-content\/uploads\/2021\/10\/portre-10-of-15-2048x1478.jpg 2048w\" sizes=\"auto, (max-width: 300px) 100vw, 300px\" \/><\/figure>\n\n\n\n<h5 class=\"wp-block-heading\">dr. Sz\u0151ke Mih\u00e1ly LL.M. \u00fcgyv\u00e9d<br>k\u00f6rnyezetv\u00e9delmi szakjog\u00e1sz<br>BA k\u00f6zgazd\u00e1sz BSc g\u00e9p\u00e9szm\u00e9rn\u00f6k<\/h5>\n\n\n\n<p>P\u00e1lyakezd\u0151k\u00e9nt a BSc g\u00e9p\u00e9szm\u00e9rn\u00f6ki diploma mell\u00e9 a K\u00fclkereskedelmi F\u0151iskol\u00e1n szerzett BA k\u00f6zgazd\u00e1sz diplom\u00e1val felv\u00e9rtezve a nemzetk\u00f6zi kereskedelemben kezdtem a p\u00e1lyafut\u00e1som, ahol el\u0151sz\u00f6r nagyv\u00e1llalati \u00e9s iparv\u00e1llalti, majd a mag\u00e1nszektorban szereztem k\u00e9t \u00e9vtizedes gyakorlatot. Id\u0151k\u00f6zben sikerrel z\u00e1rtam tanulm\u00e1nyaim jog\u00e1szk\u00e9nt az E\u00f6tv\u00f6s Lor\u00e1nd Tudom\u00e1nyegyetem \u00c1llam- \u00e9s Jogtudom\u00e1nyi Kar\u00e1n, majd ugyancsak az  E\u00f6tv\u00f6s Lor\u00e1nd Tudom\u00e1nyegyetem Jogi Tov\u00e1bbk\u00e9pz\u0151 Int\u00e9zet\u00e9ben k\u00f6rnyezetv\u00e9delmi szakjog\u00e1szi oklevelet is szereztem.<\/p>\n\n\n\n<p>2011-ben, sikeres jogi szakvizsg\u00e1t k\u00f6vet\u0151en alap\u00edtottam meg \u00fcgyv\u00e9di irod\u00e1mat \u00e9s kezdtem el az \u00fcgyv\u00e9di tev\u00e9kenys\u00e9gem.<\/p>\n\n\n\n<p>\u00dcgyv\u00e9dk\u00e9nt napi rendszeress\u00e9ggel k\u00e9pviselem irod\u00e1nk \u00fcgyfeleit mind a b\u00edr\u00f3s\u00e1gok, mind az ellen\u00e9rdek\u0171 felek el\u0151tt a tev\u00e9kenys\u00e9geink k\u00f6z\u00f6tt felsorolt ter\u00fcleteken, sz\u00e1momra \u00e9pp \u00fagy siker az \u00fcgy esetleges egyezs\u00e9ggel val\u00f3 lez\u00e1r\u00e1sa, mint egy megnyert per vagy m\u00e1s elj\u00e1r\u00e1s. A polg\u00e1ri jog \u00e1ltal\u00e1nosan ismert ter\u00fcletein folytatott \u00fcgyv\u00e9di tev\u00e9kenys\u00e9g mellett, kor\u00e1bbi szakmai tapasztalataim alapj\u00e1n, sz\u00e1momra ugyancsak otthonos ter\u00fclet tov\u00e1bb\u00e1 a gazdas\u00e1gi szerepl\u0151k (ipar, kereskedelem, sz\u00e1ll\u00edtm\u00e1nyoz\u00e1s, rakt\u00e1roz\u00e1s) bels\u0151 m\u0171k\u00f6d\u00e9se, szab\u00e1lyzatai \u00e9s szerz\u0151d\u00e9sei is.<\/p>\n\n\n\n<p>Az elm\u00falt \u00e9vekben megn\u0151tt a gazdas\u00e1gi b\u00fcntet\u0151jogi \u00fcgyeink sz\u00e1ma. Mivel meggy\u0151z\u0151d\u00e9ssel vallom, hogy a j\u00f3 pap t\u00e9nyleg holtig tanul, ez\u00e9rt jelenleg az  E\u00f6tv\u00f6s Lor\u00e1nd Tudom\u00e1nyegyetem Jogi Tov\u00e1bbk\u00e9pz\u0151 Int\u00e9zet gazdas\u00e1gi b\u00fcntet\u0151jogi szakjog\u00e1szi k\u00e9pz\u00e9s v\u00e9gz\u0151s hallgat\u00f3ja vagyok.<\/p>\n","protected":false},"excerpt":{"rendered":"<p>dr. Sz\u0151ke Mih\u00e1ly LL.M. \u00fcgyv\u00e9dk\u00f6rnyezetv\u00e9delmi szakjog\u00e1szBA k\u00f6zgazd\u00e1sz BSc g\u00e9p\u00e9szm\u00e9rn\u00f6k P\u00e1lyakezd\u0151k\u00e9nt a BSc g\u00e9p\u00e9szm\u00e9rn\u00f6ki diploma mell\u00e9 a K\u00fclkereskedelmi F\u0151iskol\u00e1n szerzett BA k\u00f6zgazd\u00e1sz diplom\u00e1val felv\u00e9rtezve a nemzetk\u00f6zi kereskedelemben kezdtem a p\u00e1lyafut\u00e1som, ahol el\u0151sz\u00f6r nagyv\u00e1llalati \u00e9s iparv\u00e1llalti, majd a mag\u00e1nszektorban szereztem k\u00e9t \u00e9vtizedes gyakorlatot. Id\u0151k\u00f6zben sikerrel z\u00e1rtam tanulm\u00e1nyaim jog\u00e1szk\u00e9nt az E\u00f6tv\u00f6s Lor\u00e1nd Tudom\u00e1nyegyetem \u00c1llam- \u00e9s Jogtudom\u00e1nyi Kar\u00e1n, majd [&hellip;]<\/p>\n","protected":false},"author":1,"featured_media":0,"parent":7,"menu_order":0,"comment_status":"closed","ping_status":"closed","template":"","meta":{"footnotes":""},"class_list":["post-215","page","type-page","status-publish","hentry"],"_links":{"self":[{"href":"https:\/\/legal-office.hu\/index.php?rest_route=\/wp\/v2\/pages\/215","targetHints":{"allow":["GET"]}}],"collection":[{"href":"https:\/\/legal-office.hu\/index.php?rest_route=\/wp\/v2\/pages"}],"about":[{"href":"https:\/\/legal-office.hu\/index.php?rest_route=\/wp\/v2\/types\/page"}],"author":[{"embeddable":true,"href":"https:\/\/legal-office.hu\/index.php?rest_route=\/wp\/v2\/users\/1"}],"replies":[{"embeddable":true,"href":"https:\/\/legal-office.hu\/index.php?rest_route=%2Fwp%2Fv2%2Fcomments&post=215"}],"version-history":[{"count":20,"href":"https:\/\/legal-office.hu\/index.php?rest_route=\/wp\/v2\/pages\/215\/revisions"}],"predecessor-version":[{"id":584,"href":"https:\/\/legal-office.hu\/index.php?rest_route=\/wp\/v2\/pages\/215\/revisions\/584"}],"up":[{"embeddable":true,"href":"https:\/\/legal-office.hu\/index.php?rest_route=\/wp\/v2\/pages\/7"}],"wp:attachment":[{"href":"https:\/\/legal-office.hu\/index.php?rest_route=%2Fwp%2Fv2%2Fmedia&parent=215"}],"curies":[{"name":"wp","href":"https:\/\/api.w.org\/{rel}","templated":true}]}}